{"id":18,"date":"2025-11-09T15:22:31","date_gmt":"2025-11-09T15:22:31","guid":{"rendered":"https:\/\/gittesprivatedagpleje.dk\/?page_id=18"},"modified":"2025-11-09T16:22:48","modified_gmt":"2025-11-09T16:22:48","slug":"lidt-om-mig","status":"publish","type":"page","link":"https:\/\/gittesprivatedagpleje.dk\/?page_id=18","title":{"rendered":""},"content":{"rendered":"\n<h2 class=\"wp-block-heading has-text-align-center\"><strong>Lidt om mig<\/strong><\/h2>\n\n\n\n<p class=\"has-text-align-left\">Jeg hedder Gitte og er fra 1975. Jeg er uddannet som tandklinikassistent og har arbejdet med det i 15 \u00e5r.<\/p>\n\n\n\n<p class=\"has-text-align-left\">Jeg har to dejlige drenge, Jonas fra 2003 og Andreas fra 2008. Vi bor i et hus, hvor der er 2 store legev\u00e6relser, kun indrettet til dagplejeb\u00f8rnene.<\/p>\n\n\n\n<p class=\"has-text-align-left\">Vi har ogs\u00e5 en dejlig stor og lukket have, hvor der er mulighed for en masse aktiviteter. Der er bl.a. sansegynge, babygynger, rutschebaner, en stor sandkasse, legehus, en stor trampolin og diverse k\u00f8ret\u00f8jer.<\/p>\n\n\n\n<p class=\"has-text-align-left\">Der er altid 100% r\u00f8gfrit i vores hjem.<\/p>\n\n\n\n<p class=\"has-text-align-left\">Jeg blev godkendt af Aalborg Kommune til at passe maks. 5 b\u00f8rn efter \u00a7 78 den 17. november 2008.<\/p>\n\n\n<div class=\"wp-block-image\">\n<figure class=\"aligncenter size-full\"><img loading=\"lazy\" decoding=\"async\" width=\"100\" height=\"100\" src=\"https:\/\/gittesprivatedagpleje.dk\/wp-content\/uploads\/2025\/11\/sol100.png\" alt=\"\" class=\"wp-image-12\"\/><\/figure>\n<\/div>\n\n\n<h2 class=\"wp-block-heading has-text-align-center\"><strong>Jeg ligger stor v\u00e6gt p\u00e5<\/strong><\/h2>\n\n\n\n<p class=\"has-text-align-center\">At b\u00f8rnene f\u00e5r en tryg og stabil hverdag.<\/p>\n\n\n\n<p class=\"has-text-align-center\">At der bliver masser af knus og omsorg.<\/p>\n\n\n\n<p class=\"has-text-align-center\">At tage hensyn til det enkelt barns behov<\/p>\n\n\n\n<p class=\"has-text-align-center\">Sund og varieret kost<\/p>\n\n\n\n<p class=\"has-text-align-center\">Et godt samarbejde med for\u00e6ldrene.<\/p>\n\n\n\n<p class=\"has-text-align-center\">S\u00e5 vidt muligt at komme ud i den friske luft hver dag.<\/p>\n\n\n<div class=\"wp-block-image\">\n<figure class=\"aligncenter size-full is-resized\"><img loading=\"lazy\" decoding=\"async\" width=\"667\" height=\"1000\" src=\"https:\/\/gittesprivatedagpleje.dk\/wp-content\/uploads\/2025\/11\/6a0e1906414301bac88bf14bf4dabdb4.jpeg\" alt=\"\" class=\"wp-image-19\" style=\"width:235px;height:auto\" srcset=\"https:\/\/gittesprivatedagpleje.dk\/wp-content\/uploads\/2025\/11\/6a0e1906414301bac88bf14bf4dabdb4.jpeg 667w, https:\/\/gittesprivatedagpleje.dk\/wp-content\/uploads\/2025\/11\/6a0e1906414301bac88bf14bf4dabdb4-200x300.jpeg 200w\" sizes=\"auto, (max-width: 667px) 100vw, 667px\" \/><\/figure>\n<\/div>","protected":false},"excerpt":{"rendered":"<p>Lidt om mig Jeg hedder Gitte og er fra 1975. Jeg er uddannet som tandklinikassistent og har arbejdet med det i 15 \u00e5r. Jeg har to dejlige drenge, Jonas fra 2003 og Andreas fra 2008. Vi bor i et hus, hvor der er 2 store legev\u00e6relser, kun indrettet til dagplejeb\u00f8rnene. Vi har ogs\u00e5 en dejlig [&hellip;]<\/p>\n","protected":false},"author":1,"featured_media":0,"parent":0,"menu_order":0,"comment_status":"closed","ping_status":"closed","template":"","meta":{"footnotes":""},"class_list":["post-18","page","type-page","status-publish","hentry"],"jetpack_sharing_enabled":true,"_links":{"self":[{"href":"https:\/\/gittesprivatedagpleje.dk\/index.php?rest_route=\/wp\/v2\/pages\/18","targetHints":{"allow":["GET"]}}],"collection":[{"href":"https:\/\/gittesprivatedagpleje.dk\/index.php?rest_route=\/wp\/v2\/pages"}],"about":[{"href":"https:\/\/gittesprivatedagpleje.dk\/index.php?rest_route=\/wp\/v2\/types\/page"}],"author":[{"embeddable":true,"href":"https:\/\/gittesprivatedagpleje.dk\/index.php?rest_route=\/wp\/v2\/users\/1"}],"replies":[{"embeddable":true,"href":"https:\/\/gittesprivatedagpleje.dk\/index.php?rest_route=%2Fwp%2Fv2%2Fcomments&post=18"}],"version-history":[{"count":2,"href":"https:\/\/gittesprivatedagpleje.dk\/index.php?rest_route=\/wp\/v2\/pages\/18\/revisions"}],"predecessor-version":[{"id":23,"href":"https:\/\/gittesprivatedagpleje.dk\/index.php?rest_route=\/wp\/v2\/pages\/18\/revisions\/23"}],"wp:attachment":[{"href":"https:\/\/gittesprivatedagpleje.dk\/index.php?rest_route=%2Fwp%2Fv2%2Fmedia&parent=18"}],"curies":[{"name":"wp","href":"https:\/\/api.w.org\/{rel}","templated":true}]}}