{"id":30,"date":"2025-11-09T15:29:33","date_gmt":"2025-11-09T15:29:33","guid":{"rendered":"https:\/\/gittesprivatedagpleje.dk\/?page_id=30"},"modified":"2026-03-23T07:55:54","modified_gmt":"2026-03-23T07:55:54","slug":"ledige-pladser","status":"publish","type":"page","link":"https:\/\/gittesprivatedagpleje.dk\/?page_id=30","title":{"rendered":""},"content":{"rendered":"\n<h2 class=\"wp-block-heading has-text-align-center\"><strong>Ledige pladser<\/strong><\/h2>\n\n\n\n<p>1 ledig plads:&nbsp;December 2026 (reserveret)<\/p>\n\n\n\n<p>1 ledig plads: Februar 2027 (reserveret)<\/p>\n\n\n\n<p>1 ledig plads:&nbsp;Maj 2027 (reserveret)<\/p>\n\n\n\n<p>1 ledig plads:\u00a0Januar 2028 (reserveret)<\/p>\n\n\n\n<p>1 ledig plads:&nbsp;Marts 2028<\/p>\n\n\n\n<p>Hvis I har brug for en plads p\u00e5 et andet tidspunkt, er I velkommen til at kontakte mig, for at h\u00f8re om vi kan finde en l\u00f8sning&#8230;<\/p>\n\n\n<div class=\"wp-block-image\">\n<figure class=\"aligncenter size-full is-resized\"><img loading=\"lazy\" decoding=\"async\" width=\"100\" height=\"100\" src=\"https:\/\/gittesprivatedagpleje.dk\/wp-content\/uploads\/2025\/11\/sol100.png\" alt=\"\" class=\"wp-image-12\" style=\"width:100px;height:auto\"\/><\/figure>\n<\/div>\n\n<div class=\"wp-block-image\">\n<figure class=\"aligncenter size-full is-resized\"><img loading=\"lazy\" decoding=\"async\" width=\"1000\" height=\"689\" src=\"https:\/\/gittesprivatedagpleje.dk\/wp-content\/uploads\/2025\/11\/dd735ad1f7890cab1cad400fa732fa4e.jpeg\" alt=\"\" class=\"wp-image-31\" style=\"width:476px;height:auto\" srcset=\"https:\/\/gittesprivatedagpleje.dk\/wp-content\/uploads\/2025\/11\/dd735ad1f7890cab1cad400fa732fa4e.jpeg 1000w, https:\/\/gittesprivatedagpleje.dk\/wp-content\/uploads\/2025\/11\/dd735ad1f7890cab1cad400fa732fa4e-300x207.jpeg 300w, https:\/\/gittesprivatedagpleje.dk\/wp-content\/uploads\/2025\/11\/dd735ad1f7890cab1cad400fa732fa4e-768x529.jpeg 768w\" sizes=\"auto, (max-width: 1000px) 100vw, 1000px\" \/><\/figure>\n<\/div>","protected":false},"excerpt":{"rendered":"<p>Ledige pladser 1 ledig plads:&nbsp;December 2026 (reserveret) 1 ledig plads: Februar 2027 (reserveret) 1 ledig plads:&nbsp;Maj 2027 (reserveret) 1 ledig plads:\u00a0Januar 2028 (reserveret) 1 ledig plads:&nbsp;Marts 2028 Hvis I har brug for en plads p\u00e5 et andet tidspunkt, er I velkommen til at kontakte mig, for at h\u00f8re om vi kan finde en l\u00f8sning&#8230;<\/p>\n","protected":false},"author":1,"featured_media":0,"parent":0,"menu_order":0,"comment_status":"closed","ping_status":"closed","template":"","meta":{"footnotes":""},"class_list":["post-30","page","type-page","status-publish","hentry"],"jetpack_sharing_enabled":true,"_links":{"self":[{"href":"https:\/\/gittesprivatedagpleje.dk\/index.php?rest_route=\/wp\/v2\/pages\/30","targetHints":{"allow":["GET"]}}],"collection":[{"href":"https:\/\/gittesprivatedagpleje.dk\/index.php?rest_route=\/wp\/v2\/pages"}],"about":[{"href":"https:\/\/gittesprivatedagpleje.dk\/index.php?rest_route=\/wp\/v2\/types\/page"}],"author":[{"embeddable":true,"href":"https:\/\/gittesprivatedagpleje.dk\/index.php?rest_route=\/wp\/v2\/users\/1"}],"replies":[{"embeddable":true,"href":"https:\/\/gittesprivatedagpleje.dk\/index.php?rest_route=%2Fwp%2Fv2%2Fcomments&post=30"}],"version-history":[{"count":12,"href":"https:\/\/gittesprivatedagpleje.dk\/index.php?rest_route=\/wp\/v2\/pages\/30\/revisions"}],"predecessor-version":[{"id":114,"href":"https:\/\/gittesprivatedagpleje.dk\/index.php?rest_route=\/wp\/v2\/pages\/30\/revisions\/114"}],"wp:attachment":[{"href":"https:\/\/gittesprivatedagpleje.dk\/index.php?rest_route=%2Fwp%2Fv2%2Fmedia&parent=30"}],"curies":[{"name":"wp","href":"https:\/\/api.w.org\/{rel}","templated":true}]}}