{"id":42,"date":"2025-11-09T15:40:04","date_gmt":"2025-11-09T15:40:04","guid":{"rendered":"https:\/\/gittesprivatedagpleje.dk\/?page_id=42"},"modified":"2025-12-26T14:29:13","modified_gmt":"2025-12-26T14:29:13","slug":"praktisk-info","status":"publish","type":"page","link":"https:\/\/gittesprivatedagpleje.dk\/?page_id=42","title":{"rendered":""},"content":{"rendered":"\n<h2 class=\"wp-block-heading has-text-align-center\"><strong>Pris<\/strong><\/h2>\n\n\n\n<p class=\"has-text-align-left\" style=\"margin-top:var(--wp--preset--spacing--60);margin-bottom:var(--wp--preset--spacing--60)\">Pr. 1\/1-2026 giver\u00a0Aalborg Kommune et tilskud p\u00e5 75%, dog max. 7335 kr.<\/p>\n\n\n\n<p><strong>Der vil v\u00e6re en egenbetaling p\u00e5 3015 kr. pr. m\u00e5ned.<\/strong><\/p>\n\n\n\n<p>Prisen er inkl. formiddagsmad, middagsmad og eftermiddagsmad + drikkevarer, samt entre til diverse aktiviteter. Specialkost skal dog selv medbringes<\/p>\n\n\n<div class=\"wp-block-image\">\n<figure class=\"aligncenter size-full\"><img loading=\"lazy\" decoding=\"async\" width=\"100\" height=\"100\" src=\"https:\/\/gittesprivatedagpleje.dk\/wp-content\/uploads\/2025\/11\/sol100.png\" alt=\"\" class=\"wp-image-12\"\/><\/figure>\n<\/div>\n\n\n<h2 class=\"wp-block-heading has-text-align-center\"><strong>Kost<\/strong><\/h2>\n\n\n\n<p>Der vil blive serveret sund og varieret mad og en gang imellem lune\/varme retter, dog vil vi til jul og s\u00e6rlige lejligheder hygge os med lidt l\u00e6kkerier.<\/p>\n\n\n\n<p>F\u00f8dselsdag vil blive fejret med boller\/kage og barnet vil f\u00e5 en gave.<\/p>\n\n\n<div class=\"wp-block-image\">\n<figure class=\"aligncenter size-full\"><img loading=\"lazy\" decoding=\"async\" width=\"100\" height=\"100\" src=\"https:\/\/gittesprivatedagpleje.dk\/wp-content\/uploads\/2025\/11\/sol100.png\" alt=\"\" class=\"wp-image-12\"\/><\/figure>\n<\/div>\n\n\n<h2 class=\"wp-block-heading has-text-align-center\"><strong>Barnevogne<\/strong><\/h2>\n\n\n\n<p>Jeg har 5 barnevogne der st\u00e5r til r\u00e5dighed, s\u00e5 man er fri for at fragte egen barnevogn frem og tilbage til\/fra dagplejen.<\/p>\n\n\n\n<p>Jeg har naturligvis ogs\u00e5 alt hvad der h\u00f8rer til i en barnevogn (regnslag, dyne, myggenet, sele og sovepose til efter\u00e5r\/vinter).<\/p>\n\n\n<div class=\"wp-block-image\">\n<figure class=\"aligncenter size-full\"><img loading=\"lazy\" decoding=\"async\" width=\"100\" height=\"100\" src=\"https:\/\/gittesprivatedagpleje.dk\/wp-content\/uploads\/2025\/11\/sol100.png\" alt=\"\" class=\"wp-image-12\"\/><\/figure>\n<\/div>\n\n\n<h2 class=\"wp-block-heading has-text-align-center\"><strong>Vikar<\/strong><\/h2>\n\n\n\n<p class=\"has-text-align-left\">Jeg har fire godkendte vikarer, som kan tr\u00e6de til, hvis en akut situation skulle opst\u00e5!<\/p>\n\n\n<div class=\"wp-block-image\">\n<figure class=\"aligncenter size-full\"><img loading=\"lazy\" decoding=\"async\" width=\"100\" height=\"100\" src=\"https:\/\/gittesprivatedagpleje.dk\/wp-content\/uploads\/2025\/11\/sol100.png\" alt=\"\" class=\"wp-image-12\"\/><\/figure>\n<\/div>\n\n\n<h2 class=\"wp-block-heading has-text-align-center\"><strong>Legestue<\/strong><\/h2>\n\n\n\n<p>Vi vil hver uge v\u00e6re sammen med andre b\u00f8rnepassere, s\u00e5 b\u00f8rnene v\u00e6nner sig til, at v\u00e6re sammen med en st\u00f8rre b\u00f8rneflok. Hermed er de bedre rustet til b\u00f8rnehavestart. Derfor vil vi ogs\u00e5 g\u00e5 i legestue 1 gange om ugen.<\/p>\n\n\n\n<p>Der vil ogs\u00e5 blive ture til Gr\u00f8n\u00e6rteby, legepladsen mm.<\/p>\n\n\n<div class=\"wp-block-image\">\n<figure class=\"aligncenter size-full is-resized\"><img loading=\"lazy\" decoding=\"async\" width=\"480\" height=\"380\" src=\"https:\/\/gittesprivatedagpleje.dk\/wp-content\/uploads\/2025\/11\/IMG_1980.png\" alt=\"\" class=\"wp-image-43\" style=\"width:448px;height:auto\" srcset=\"https:\/\/gittesprivatedagpleje.dk\/wp-content\/uploads\/2025\/11\/IMG_1980.png 480w, https:\/\/gittesprivatedagpleje.dk\/wp-content\/uploads\/2025\/11\/IMG_1980-300x238.png 300w\" sizes=\"auto, (max-width: 480px) 100vw, 480px\" \/><\/figure>\n<\/div>","protected":false},"excerpt":{"rendered":"<p>Pris Pr. 1\/1-2026 giver\u00a0Aalborg Kommune et tilskud p\u00e5 75%, dog max. 7335 kr. Der vil v\u00e6re en egenbetaling p\u00e5 3015 kr. pr. m\u00e5ned. Prisen er inkl. formiddagsmad, middagsmad og eftermiddagsmad + drikkevarer, samt entre til diverse aktiviteter. Specialkost skal dog selv medbringes Kost Der vil blive serveret sund og varieret mad og en gang imellem [&hellip;]<\/p>\n","protected":false},"author":1,"featured_media":0,"parent":0,"menu_order":0,"comment_status":"closed","ping_status":"closed","template":"","meta":{"footnotes":""},"class_list":["post-42","page","type-page","status-publish","hentry"],"jetpack_sharing_enabled":true,"_links":{"self":[{"href":"https:\/\/gittesprivatedagpleje.dk\/index.php?rest_route=\/wp\/v2\/pages\/42","targetHints":{"allow":["GET"]}}],"collection":[{"href":"https:\/\/gittesprivatedagpleje.dk\/index.php?rest_route=\/wp\/v2\/pages"}],"about":[{"href":"https:\/\/gittesprivatedagpleje.dk\/index.php?rest_route=\/wp\/v2\/types\/page"}],"author":[{"embeddable":true,"href":"https:\/\/gittesprivatedagpleje.dk\/index.php?rest_route=\/wp\/v2\/users\/1"}],"replies":[{"embeddable":true,"href":"https:\/\/gittesprivatedagpleje.dk\/index.php?rest_route=%2Fwp%2Fv2%2Fcomments&post=42"}],"version-history":[{"count":4,"href":"https:\/\/gittesprivatedagpleje.dk\/index.php?rest_route=\/wp\/v2\/pages\/42\/revisions"}],"predecessor-version":[{"id":69,"href":"https:\/\/gittesprivatedagpleje.dk\/index.php?rest_route=\/wp\/v2\/pages\/42\/revisions\/69"}],"wp:attachment":[{"href":"https:\/\/gittesprivatedagpleje.dk\/index.php?rest_route=%2Fwp%2Fv2%2Fmedia&parent=42"}],"curies":[{"name":"wp","href":"https:\/\/api.w.org\/{rel}","templated":true}]}}