{"id":46,"date":"2025-11-09T15:42:38","date_gmt":"2025-11-09T15:42:38","guid":{"rendered":"https:\/\/gittesprivatedagpleje.dk\/?page_id=46"},"modified":"2025-11-09T16:32:53","modified_gmt":"2025-11-09T16:32:53","slug":"kurser-og-foredrag","status":"publish","type":"page","link":"https:\/\/gittesprivatedagpleje.dk\/?page_id=46","title":{"rendered":""},"content":{"rendered":"\n<h2 class=\"wp-block-heading has-text-align-center\"><strong>F\u00f8rstehj\u00e6lp<\/strong><\/h2>\n\n\n\n<p>For at holde min viden ajour deltager jeg l\u00f8bende i kurser og foredrag om b\u00f8rns udvikling og trivsel. Dette inkluderer ogs\u00e5, at jeg fornyer mit f\u00f8rstehj\u00e6lpsbevis hvert andet \u00e5r.<\/p>\n\n\n<div class=\"wp-block-image\">\n<figure class=\"aligncenter size-full\"><img loading=\"lazy\" decoding=\"async\" width=\"100\" height=\"100\" src=\"https:\/\/gittesprivatedagpleje.dk\/wp-content\/uploads\/2025\/11\/sol100.png\" alt=\"\" class=\"wp-image-12\"\/><\/figure>\n<\/div>\n\n\n<h2 class=\"wp-block-heading has-text-align-center\"><strong>Kurser og foredrag jeg har deltaget i<\/strong><\/h2>\n\n\n\n<p>2018 : &#8220;At arbejde med pr\u00e6mature b\u00f8rn 0-5 \u00e5r&#8221; med Lene Thorsager<br>&#8220;Kunsten at sige nej, og s\u00e6tte gr\u00e6nser&#8221; med Ianneia Melgaard<br>&#8220;F\u00f8rstehj\u00e6lpskursus opf\u00f8lgning&#8221; ved Johnni Sagan<br>&#8220;B\u00f8rn og familieliv i dag&#8221; med Lola Jensen<\/p>\n\n\n\n<p>2016 : &#8220;F\u00f8rstehj\u00e6lpskursus opf\u00f8lgning&#8221; ved Johnni Holt Larsen<br>&#8220;Tidlig opsporing og bekymrings afklaring 0-3 \u00e5rige&#8221; ved Anna Marie Glavind &#8211; udviklingskunsulent og familieterapeut.<br>&#8220;Den professionelle kontakt&#8221; ved psykolog Anja Ranfelt<br>&#8220;Den sv\u00e6re samtale&#8221; ved psykolog Anja Ranfelt<br>&#8220;Vinter uden syge b\u00f8rn &#8211; \u00c6bleb\u00f8rn&#8221; med Anette Straadt<br>&#8220;Familien Danmarks hverdag sat p\u00e5 en humoristisk spids&#8221; med Lola Jensen<\/p>\n\n\n\n<p>2015 : &#8220;ADHD hos b\u00f8rn&#8221; foredrag med formand for ADHD, Jette Myglegaard<\/p>\n\n\n\n<p>2014 : &#8220;Glade b\u00f8rn&#8221; foredrag med Carsten Sommerskov<br>&#8220;Forst\u00e5 dit s\u00e6rligt sensitive barn, eller hysteriske barn&#8221; foredrag med Lola Jensen<br>&#8220;Stress i b\u00f8rnefamilier&#8221; foredrag med Lola Jensen<\/p>\n\n\n\n<p>2013 : &#8220;Hvordan f\u00e5r vi friske og veludhvilede b\u00f8rn ?&#8221; ved Mikael Rasmussen<br>&#8220;Forst\u00e5 dit sensitive barn&#8221; ved Lars Lolk<br>&#8220;F\u00f8rstehj\u00e6lp til 0-3 \u00e5rige &#8211; opf\u00f8lgnings kursus&#8221; hos Beredskabscenter Aalborg<br>&#8220;Sang og leg med de mindste &#8211; hvorfor nu det ?&#8221; ved Michael Back Jensen<br>&#8220;Hvordan kan det v\u00e6re, at b\u00f8rn g\u00f8r som de g\u00f8r?&#8221; foredrag med Charlotte Voetmann<\/p>\n\n\n\n<p>2012 : &#8220;Foredrag &#8220;tralaleg&#8221; med Marianne Kring.<br>&#8220;Foredrag&#8221; med Lola Jensen.<\/p>\n\n\n\n<p>2011 : &#8220;Tavshedspligt og underretninggt&#8221; ved Kirsten Pallesgaard.<br>&#8220;Foredrag om konflikth\u00e5ndtering&#8221; ved familie\/b\u00f8rneterapeut Jeanne Erichsen.<br>&#8220;Foredrag &#8220;B\u00f8rns s\u00f8vn&#8221; ved Overl\u00e6ge Jan Ovesen.<\/p>\n\n\n\n<p>2010 : &#8220;Syn, motorik og indl\u00e6ring&#8221; med Dorthe Borgkvist.<br>&#8220;F\u00f8rstehj\u00e6lp til 0-3 \u00e5rige&#8221; ved Birgitte W. Simonsen.<br>&#8220;Leg og bev\u00e6gelse for dagplejeb\u00f8rn&#8221; ved Fysioterapeut Mette Klitgaard<br>&#8220;For tidligt f\u00f8dte b\u00f8rn&#8221; ved Lene Thorsager fra Unik kids.<\/p>\n\n\n\n<p>2009 : &#8220;Kr\u00e6sne b\u00f8rn&#8221; med B\u00f8rnel\u00e6ge Olav Bennedb\u00e6k.<\/p>\n\n\n<div class=\"wp-block-image\">\n<figure class=\"aligncenter size-full\"><img loading=\"lazy\" decoding=\"async\" width=\"100\" height=\"100\" src=\"https:\/\/gittesprivatedagpleje.dk\/wp-content\/uploads\/2025\/11\/sol100.png\" alt=\"\" class=\"wp-image-12\"\/><\/figure>\n<\/div>\n\n<div class=\"wp-block-image\">\n<figure class=\"aligncenter size-full is-resized\"><img loading=\"lazy\" decoding=\"async\" width=\"960\" height=\"448\" src=\"https:\/\/gittesprivatedagpleje.dk\/wp-content\/uploads\/2025\/11\/25398872_10214751331565741_1358398022403727210_n.jpg\" alt=\"\" class=\"wp-image-47\" style=\"width:654px;height:auto\" srcset=\"https:\/\/gittesprivatedagpleje.dk\/wp-content\/uploads\/2025\/11\/25398872_10214751331565741_1358398022403727210_n.jpg 960w, https:\/\/gittesprivatedagpleje.dk\/wp-content\/uploads\/2025\/11\/25398872_10214751331565741_1358398022403727210_n-300x140.jpg 300w, https:\/\/gittesprivatedagpleje.dk\/wp-content\/uploads\/2025\/11\/25398872_10214751331565741_1358398022403727210_n-768x358.jpg 768w\" sizes=\"auto, (max-width: 960px) 100vw, 960px\" \/><\/figure>\n<\/div>","protected":false},"excerpt":{"rendered":"<p>F\u00f8rstehj\u00e6lp For at holde min viden ajour deltager jeg l\u00f8bende i kurser og foredrag om b\u00f8rns udvikling og trivsel. Dette inkluderer ogs\u00e5, at jeg fornyer mit f\u00f8rstehj\u00e6lpsbevis hvert andet \u00e5r. Kurser og foredrag jeg har deltaget i 2018 : &#8220;At arbejde med pr\u00e6mature b\u00f8rn 0-5 \u00e5r&#8221; med Lene Thorsager&#8220;Kunsten at sige nej, og s\u00e6tte gr\u00e6nser&#8221; [&hellip;]<\/p>\n","protected":false},"author":1,"featured_media":0,"parent":0,"menu_order":0,"comment_status":"closed","ping_status":"closed","template":"","meta":{"footnotes":""},"class_list":["post-46","page","type-page","status-publish","hentry"],"jetpack_sharing_enabled":true,"_links":{"self":[{"href":"https:\/\/gittesprivatedagpleje.dk\/index.php?rest_route=\/wp\/v2\/pages\/46","targetHints":{"allow":["GET"]}}],"collection":[{"href":"https:\/\/gittesprivatedagpleje.dk\/index.php?rest_route=\/wp\/v2\/pages"}],"about":[{"href":"https:\/\/gittesprivatedagpleje.dk\/index.php?rest_route=\/wp\/v2\/types\/page"}],"author":[{"embeddable":true,"href":"https:\/\/gittesprivatedagpleje.dk\/index.php?rest_route=\/wp\/v2\/users\/1"}],"replies":[{"embeddable":true,"href":"https:\/\/gittesprivatedagpleje.dk\/index.php?rest_route=%2Fwp%2Fv2%2Fcomments&post=46"}],"version-history":[{"count":3,"href":"https:\/\/gittesprivatedagpleje.dk\/index.php?rest_route=\/wp\/v2\/pages\/46\/revisions"}],"predecessor-version":[{"id":56,"href":"https:\/\/gittesprivatedagpleje.dk\/index.php?rest_route=\/wp\/v2\/pages\/46\/revisions\/56"}],"wp:attachment":[{"href":"https:\/\/gittesprivatedagpleje.dk\/index.php?rest_route=%2Fwp%2Fv2%2Fmedia&parent=46"}],"curies":[{"name":"wp","href":"https:\/\/api.w.org\/{rel}","templated":true}]}}