{"id":50,"date":"2025-11-09T15:44:07","date_gmt":"2025-11-09T15:44:07","guid":{"rendered":"https:\/\/gittesprivatedagpleje.dk\/?page_id=50"},"modified":"2025-11-09T16:23:59","modified_gmt":"2025-11-09T16:23:59","slug":"kontakt","status":"publish","type":"page","link":"https:\/\/gittesprivatedagpleje.dk\/?page_id=50","title":{"rendered":""},"content":{"rendered":"\n<h2 class=\"wp-block-heading has-text-align-center\"><strong>Kontakt<\/strong><\/h2>\n\n\n\n<p>Du er altid velkommen til at kontakte mig, hvis du har sp\u00f8rgsm\u00e5l eller \u00f8nsker mere information om \u00e5bningstider, priser eller ledige pladser.<\/p>\n\n\n\n<p>Du m\u00e5 ogs\u00e5 gerne kontakte mig for en uforpligtende samtale.<\/p>\n\n\n\n<p class=\"has-text-align-center\"><strong>Gitte Bisgaard<br>Solsiden 17<br>9400 N\u00f8rresundby<\/strong><\/p>\n\n\n\n<p class=\"has-text-align-center\">Du kan kontakte mig p\u00e5 telefon : 61 33 26 33<\/p>\n\n\n\n<p class=\"has-text-align-center\">Eller du kan sende mig en mail p\u00e5 : <a href=\"mailto:gittekbisgaard@gmail.com\">gittekbisgaard@gmail.com<\/a><\/p>\n\n\n<div class=\"wp-block-image\">\n<figure class=\"aligncenter size-full\"><img loading=\"lazy\" decoding=\"async\" width=\"100\" height=\"100\" src=\"https:\/\/gittesprivatedagpleje.dk\/wp-content\/uploads\/2025\/11\/sol100.png\" alt=\"\" class=\"wp-image-12\"\/><\/figure>\n<\/div>\n\n<div class=\"wp-block-image\">\n<figure class=\"aligncenter size-large is-resized\"><img loading=\"lazy\" decoding=\"async\" width=\"1024\" height=\"485\" src=\"https:\/\/gittesprivatedagpleje.dk\/wp-content\/uploads\/2025\/11\/IMG_2768-1024x485.jpg\" alt=\"\" class=\"wp-image-51\" style=\"width:570px;height:auto\" srcset=\"https:\/\/gittesprivatedagpleje.dk\/wp-content\/uploads\/2025\/11\/IMG_2768-1024x485.jpg 1024w, https:\/\/gittesprivatedagpleje.dk\/wp-content\/uploads\/2025\/11\/IMG_2768-300x142.jpg 300w, https:\/\/gittesprivatedagpleje.dk\/wp-content\/uploads\/2025\/11\/IMG_2768-768x364.jpg 768w, https:\/\/gittesprivatedagpleje.dk\/wp-content\/uploads\/2025\/11\/IMG_2768.jpg 1200w\" sizes=\"auto, (max-width: 1024px) 100vw, 1024px\" \/><\/figure>\n<\/div>","protected":false},"excerpt":{"rendered":"<p>Kontakt Du er altid velkommen til at kontakte mig, hvis du har sp\u00f8rgsm\u00e5l eller \u00f8nsker mere information om \u00e5bningstider, priser eller ledige pladser. Du m\u00e5 ogs\u00e5 gerne kontakte mig for en uforpligtende samtale. Gitte BisgaardSolsiden 179400 N\u00f8rresundby Du kan kontakte mig p\u00e5 telefon : 61 33 26 33 Eller du kan sende mig en mail [&hellip;]<\/p>\n","protected":false},"author":1,"featured_media":0,"parent":0,"menu_order":0,"comment_status":"closed","ping_status":"closed","template":"","meta":{"footnotes":""},"class_list":["post-50","page","type-page","status-publish","hentry"],"jetpack_sharing_enabled":true,"_links":{"self":[{"href":"https:\/\/gittesprivatedagpleje.dk\/index.php?rest_route=\/wp\/v2\/pages\/50","targetHints":{"allow":["GET"]}}],"collection":[{"href":"https:\/\/gittesprivatedagpleje.dk\/index.php?rest_route=\/wp\/v2\/pages"}],"about":[{"href":"https:\/\/gittesprivatedagpleje.dk\/index.php?rest_route=\/wp\/v2\/types\/page"}],"author":[{"embeddable":true,"href":"https:\/\/gittesprivatedagpleje.dk\/index.php?rest_route=\/wp\/v2\/users\/1"}],"replies":[{"embeddable":true,"href":"https:\/\/gittesprivatedagpleje.dk\/index.php?rest_route=%2Fwp%2Fv2%2Fcomments&post=50"}],"version-history":[{"count":1,"href":"https:\/\/gittesprivatedagpleje.dk\/index.php?rest_route=\/wp\/v2\/pages\/50\/revisions"}],"predecessor-version":[{"id":52,"href":"https:\/\/gittesprivatedagpleje.dk\/index.php?rest_route=\/wp\/v2\/pages\/50\/revisions\/52"}],"wp:attachment":[{"href":"https:\/\/gittesprivatedagpleje.dk\/index.php?rest_route=%2Fwp%2Fv2%2Fmedia&parent=50"}],"curies":[{"name":"wp","href":"https:\/\/api.w.org\/{rel}","templated":true}]}}